    {"id":2261,"date":"2020-09-21T13:37:25","date_gmt":"2020-09-21T13:37:26","guid":{"rendered":"https:\/\/www.artuur-watches.be\/?post_type=product&#038;p=2261"},"modified":"2020-11-30T10:20:35","modified_gmt":"2020-11-30T10:20:35","slug":"artuur-sterling-pack","status":"publish","type":"product","link":"https:\/\/www.artuur-watches.be\/fr\/produit\/artuur-sterling-pack\/","title":{"rendered":"ARTUUR Sterling pack"},"content":{"rendered":"","protected":false},"excerpt":{"rendered":"<p><i>Bo\u00eetier argent<\/i><i>\u00e9<\/i><i> | <\/i><i>Cadran noir<\/i><i> | <\/i><i>Incrustations<\/i><i> argent\u00e9es<\/i><\/p>\n<p><span lang=\"FR\">Si vous cherchez une montre qui s&rsquo;adapte \u00e0 vos diff\u00e9rents looks, le pack Sterling d\u2019ARTUUR est le bon choix. Le bracelet couleur cognac s&rsquo;accorde parfaitement avec une tenue aux couleurs de l&rsquo;automne, le bracelet noir profond est un classique intemporel et avec le bracelet en mesh argent\u00e9, vous cr\u00e9ez un look business en un tour de main. En qu\u00eate d\u2019une montre qui convient pour toutes les occasions\u00a0? La Pack Sterling d\u2019ARTUUR est faite pour vous.<\/span><\/p>\n","protected":false},"featured_media":3434,"template":"","meta":{"inline_featured_image":false,"_joinchat":[]},"product_brand":[],"product_cat":[169,197],"product_tag":[],"class_list":{"0":"post-2261","1":"product","2":"type-product","3":"status-publish","4":"has-post-thumbnail","6":"product_cat-packs","7":"product_cat-sterling-fr","9":"first","10":"instock","11":"taxable","12":"shipping-taxable","13":"purchasable","14":"product-type-simple"},"yoast_head":"<!-- This site is optimized with the Yoast SEO plugin v25.7 - https:\/\/yoast.com\/wordpress\/plugins\/seo\/ -->\n<title>ARTUUR Sterling pack - Artuur Watches<\/title>\n<meta name=\"description\" content=\"Bo\u00eetier argent\u00e9 | Cadran noir | Incrustations argent\u00e9es Un bo\u00eetier en argent et un cadran noir combin\u00e9s \u00e0 trois bracelets diff\u00e9rents\u202f: les variantes en cuir noir profond et cognac assurent une pr\u00e9sentation plus classique, tandis que le bracelet milanais en acier conf\u00e9rera \u00e0 votre montre une touche plus moderne.\" \/>\n<meta name=\"robots\" content=\"index, follow, max-snippet:-1, max-image-preview:large, max-video-preview:-1\" \/>\n<link rel=\"canonical\" href=\"https:\/\/www.artuur-watches.be\/fr\/produit\/artuur-sterling-pack\/\" \/>\n<meta property=\"og:locale\" content=\"fr_FR\" \/>\n<meta property=\"og:type\" content=\"article\" \/>\n<meta property=\"og:title\" content=\"ARTUUR Sterling pack - Artuur Watches\" \/>\n<meta property=\"og:description\" content=\"Bo\u00eetier argent\u00e9 | Cadran noir | Incrustations argent\u00e9es Un bo\u00eetier en argent et un cadran noir combin\u00e9s \u00e0 trois bracelets diff\u00e9rents\u202f: les variantes en cuir noir profond et cognac assurent une pr\u00e9sentation plus classique, tandis que le bracelet milanais en acier conf\u00e9rera \u00e0 votre montre une touche plus moderne.\" \/>\n<meta property=\"og:url\" content=\"https:\/\/www.artuur-watches.be\/fr\/produit\/artuur-sterling-pack\/\" \/>\n<meta property=\"og:site_name\" content=\"Artuur Watches\" \/>\n<meta property=\"article:publisher\" content=\"https:\/\/www.facebook.com\/artuurwatches\/\" \/>\n<meta property=\"article:modified_time\" content=\"2020-11-30T10:20:35+00:00\" \/>\n<meta property=\"og:image\" content=\"https:\/\/www.artuur-watches.be\/wp-content\/uploads\/2020\/09\/STERLING-PACK-2.png\" \/>\n\t<meta property=\"og:image:width\" content=\"650\" \/>\n\t<meta property=\"og:image:height\" content=\"850\" \/>\n\t<meta property=\"og:image:type\" content=\"image\/png\" \/>\n<meta name=\"twitter:card\" content=\"summary_large_image\" \/>\n<script type=\"application\/ld+json\" class=\"yoast-schema-graph\">{\"@context\":\"https:\/\/schema.org\",\"@graph\":[{\"@type\":\"WebPage\",\"@id\":\"https:\/\/www.artuur-watches.be\/fr\/produit\/artuur-sterling-pack\/\",\"url\":\"https:\/\/www.artuur-watches.be\/fr\/produit\/artuur-sterling-pack\/\",\"name\":\"ARTUUR Sterling pack - Artuur Watches\",\"isPartOf\":{\"@id\":\"https:\/\/www.artuur-watches.be\/fr\/#website\"},\"primaryImageOfPage\":{\"@id\":\"https:\/\/www.artuur-watches.be\/fr\/produit\/artuur-sterling-pack\/#primaryimage\"},\"image\":{\"@id\":\"https:\/\/www.artuur-watches.be\/fr\/produit\/artuur-sterling-pack\/#primaryimage\"},\"thumbnailUrl\":\"https:\/\/www.artuur-watches.be\/wp-content\/uploads\/2020\/09\/STERLING-PACK-2.png\",\"datePublished\":\"2020-09-21T13:37:26+00:00\",\"dateModified\":\"2020-11-30T10:20:35+00:00\",\"description\":\"Bo\u00eetier argent\u00e9 | Cadran noir | Incrustations argent\u00e9es Un bo\u00eetier en argent et un cadran noir combin\u00e9s \u00e0 trois bracelets diff\u00e9rents\u202f: les variantes en cuir noir profond et cognac assurent une pr\u00e9sentation plus classique, tandis que le bracelet milanais en acier conf\u00e9rera \u00e0 votre montre une touche plus moderne.\",\"breadcrumb\":{\"@id\":\"https:\/\/www.artuur-watches.be\/fr\/produit\/artuur-sterling-pack\/#breadcrumb\"},\"inLanguage\":\"fr-BE\",\"potentialAction\":[{\"@type\":\"ReadAction\",\"target\":[\"https:\/\/www.artuur-watches.be\/fr\/produit\/artuur-sterling-pack\/\"]}]},{\"@type\":\"ImageObject\",\"inLanguage\":\"fr-BE\",\"@id\":\"https:\/\/www.artuur-watches.be\/fr\/produit\/artuur-sterling-pack\/#primaryimage\",\"url\":\"https:\/\/www.artuur-watches.be\/wp-content\/uploads\/2020\/09\/STERLING-PACK-2.png\",\"contentUrl\":\"https:\/\/www.artuur-watches.be\/wp-content\/uploads\/2020\/09\/STERLING-PACK-2.png\",\"width\":650,\"height\":850},{\"@type\":\"BreadcrumbList\",\"@id\":\"https:\/\/www.artuur-watches.be\/fr\/produit\/artuur-sterling-pack\/#breadcrumb\",\"itemListElement\":[{\"@type\":\"ListItem\",\"position\":1,\"name\":\"Home\",\"item\":\"https:\/\/www.artuur-watches.be\/fr\/\"},{\"@type\":\"ListItem\",\"position\":2,\"name\":\"Shop\",\"item\":\"https:\/\/www.artuur-watches.be\/fr\/shop\/\"},{\"@type\":\"ListItem\",\"position\":3,\"name\":\"ARTUUR Sterling pack\"}]},{\"@type\":\"WebSite\",\"@id\":\"https:\/\/www.artuur-watches.be\/fr\/#website\",\"url\":\"https:\/\/www.artuur-watches.be\/fr\/\",\"name\":\"Artuur Watches\",\"description\":\"A new Belgian watchbrand, combining timelessness and elegance in a super-personal design.\",\"publisher\":{\"@id\":\"https:\/\/www.artuur-watches.be\/fr\/#organization\"},\"potentialAction\":[{\"@type\":\"SearchAction\",\"target\":{\"@type\":\"EntryPoint\",\"urlTemplate\":\"https:\/\/www.artuur-watches.be\/fr\/?s={search_term_string}\"},\"query-input\":{\"@type\":\"PropertyValueSpecification\",\"valueRequired\":true,\"valueName\":\"search_term_string\"}}],\"inLanguage\":\"fr-BE\"},{\"@type\":\"Organization\",\"@id\":\"https:\/\/www.artuur-watches.be\/fr\/#organization\",\"name\":\"Artuur watches\",\"url\":\"https:\/\/www.artuur-watches.be\/fr\/\",\"logo\":{\"@type\":\"ImageObject\",\"inLanguage\":\"fr-BE\",\"@id\":\"https:\/\/www.artuur-watches.be\/fr\/#\/schema\/logo\/image\/\",\"url\":\"https:\/\/www.artuur-watches.be\/wp-content\/uploads\/2020\/07\/Logo_Artuur-dark_Artuur.png\",\"contentUrl\":\"https:\/\/www.artuur-watches.be\/wp-content\/uploads\/2020\/07\/Logo_Artuur-dark_Artuur.png\",\"width\":5316,\"height\":751,\"caption\":\"Artuur watches\"},\"image\":{\"@id\":\"https:\/\/www.artuur-watches.be\/fr\/#\/schema\/logo\/image\/\"},\"sameAs\":[\"https:\/\/www.facebook.com\/artuurwatches\/\",\"https:\/\/www.instagram.com\/artuurwatches\/\"]}]}<\/script>\n<!-- \/ Yoast SEO plugin. -->","yoast_head_json":{"title":"ARTUUR Sterling pack - Artuur Watches","description":"Bo\u00eetier argent\u00e9 | Cadran noir | Incrustations argent\u00e9es Un bo\u00eetier en argent et un cadran noir combin\u00e9s \u00e0 trois bracelets diff\u00e9rents\u202f: les variantes en cuir noir profond et cognac assurent une pr\u00e9sentation plus classique, tandis que le bracelet milanais en acier conf\u00e9rera \u00e0 votre montre une touche plus moderne.","robots":{"index":"index","follow":"follow","max-snippet":"max-snippet:-1","max-image-preview":"max-image-preview:large","max-video-preview":"max-video-preview:-1"},"canonical":"https:\/\/www.artuur-watches.be\/fr\/produit\/artuur-sterling-pack\/","og_locale":"fr_FR","og_type":"article","og_title":"ARTUUR Sterling pack - Artuur Watches","og_description":"Bo\u00eetier argent\u00e9 | Cadran noir | Incrustations argent\u00e9es Un bo\u00eetier en argent et un cadran noir combin\u00e9s \u00e0 trois bracelets diff\u00e9rents\u202f: les variantes en cuir noir profond et cognac assurent une pr\u00e9sentation plus classique, tandis que le bracelet milanais en acier conf\u00e9rera \u00e0 votre montre une touche plus moderne.","og_url":"https:\/\/www.artuur-watches.be\/fr\/produit\/artuur-sterling-pack\/","og_site_name":"Artuur Watches","article_publisher":"https:\/\/www.facebook.com\/artuurwatches\/","article_modified_time":"2020-11-30T10:20:35+00:00","og_image":[{"width":650,"height":850,"url":"https:\/\/www.artuur-watches.be\/wp-content\/uploads\/2020\/09\/STERLING-PACK-2.png","type":"image\/png"}],"twitter_card":"summary_large_image","schema":{"@context":"https:\/\/schema.org","@graph":[{"@type":"WebPage","@id":"https:\/\/www.artuur-watches.be\/fr\/produit\/artuur-sterling-pack\/","url":"https:\/\/www.artuur-watches.be\/fr\/produit\/artuur-sterling-pack\/","name":"ARTUUR Sterling pack - Artuur Watches","isPartOf":{"@id":"https:\/\/www.artuur-watches.be\/fr\/#website"},"primaryImageOfPage":{"@id":"https:\/\/www.artuur-watches.be\/fr\/produit\/artuur-sterling-pack\/#primaryimage"},"image":{"@id":"https:\/\/www.artuur-watches.be\/fr\/produit\/artuur-sterling-pack\/#primaryimage"},"thumbnailUrl":"https:\/\/www.artuur-watches.be\/wp-content\/uploads\/2020\/09\/STERLING-PACK-2.png","datePublished":"2020-09-21T13:37:26+00:00","dateModified":"2020-11-30T10:20:35+00:00","description":"Bo\u00eetier argent\u00e9 | Cadran noir | Incrustations argent\u00e9es Un bo\u00eetier en argent et un cadran noir combin\u00e9s \u00e0 trois bracelets diff\u00e9rents\u202f: les variantes en cuir noir profond et cognac assurent une pr\u00e9sentation plus classique, tandis que le bracelet milanais en acier conf\u00e9rera \u00e0 votre montre une touche plus moderne.","breadcrumb":{"@id":"https:\/\/www.artuur-watches.be\/fr\/produit\/artuur-sterling-pack\/#breadcrumb"},"inLanguage":"fr-BE","potentialAction":[{"@type":"ReadAction","target":["https:\/\/www.artuur-watches.be\/fr\/produit\/artuur-sterling-pack\/"]}]},{"@type":"ImageObject","inLanguage":"fr-BE","@id":"https:\/\/www.artuur-watches.be\/fr\/produit\/artuur-sterling-pack\/#primaryimage","url":"https:\/\/www.artuur-watches.be\/wp-content\/uploads\/2020\/09\/STERLING-PACK-2.png","contentUrl":"https:\/\/www.artuur-watches.be\/wp-content\/uploads\/2020\/09\/STERLING-PACK-2.png","width":650,"height":850},{"@type":"BreadcrumbList","@id":"https:\/\/www.artuur-watches.be\/fr\/produit\/artuur-sterling-pack\/#breadcrumb","itemListElement":[{"@type":"ListItem","position":1,"name":"Home","item":"https:\/\/www.artuur-watches.be\/fr\/"},{"@type":"ListItem","position":2,"name":"Shop","item":"https:\/\/www.artuur-watches.be\/fr\/shop\/"},{"@type":"ListItem","position":3,"name":"ARTUUR Sterling pack"}]},{"@type":"WebSite","@id":"https:\/\/www.artuur-watches.be\/fr\/#website","url":"https:\/\/www.artuur-watches.be\/fr\/","name":"Artuur Watches","description":"A new Belgian watchbrand, combining timelessness and elegance in a super-personal design.","publisher":{"@id":"https:\/\/www.artuur-watches.be\/fr\/#organization"},"potentialAction":[{"@type":"SearchAction","target":{"@type":"EntryPoint","urlTemplate":"https:\/\/www.artuur-watches.be\/fr\/?s={search_term_string}"},"query-input":{"@type":"PropertyValueSpecification","valueRequired":true,"valueName":"search_term_string"}}],"inLanguage":"fr-BE"},{"@type":"Organization","@id":"https:\/\/www.artuur-watches.be\/fr\/#organization","name":"Artuur watches","url":"https:\/\/www.artuur-watches.be\/fr\/","logo":{"@type":"ImageObject","inLanguage":"fr-BE","@id":"https:\/\/www.artuur-watches.be\/fr\/#\/schema\/logo\/image\/","url":"https:\/\/www.artuur-watches.be\/wp-content\/uploads\/2020\/07\/Logo_Artuur-dark_Artuur.png","contentUrl":"https:\/\/www.artuur-watches.be\/wp-content\/uploads\/2020\/07\/Logo_Artuur-dark_Artuur.png","width":5316,"height":751,"caption":"Artuur watches"},"image":{"@id":"https:\/\/www.artuur-watches.be\/fr\/#\/schema\/logo\/image\/"},"sameAs":["https:\/\/www.facebook.com\/artuurwatches\/","https:\/\/www.instagram.com\/artuurwatches\/"]}]}},"_links":{"self":[{"href":"https:\/\/www.artuur-watches.be\/fr\/wp-json\/wp\/v2\/product\/2261","targetHints":{"allow":["GET"]}}],"collection":[{"href":"https:\/\/www.artuur-watches.be\/fr\/wp-json\/wp\/v2\/product"}],"about":[{"href":"https:\/\/www.artuur-watches.be\/fr\/wp-json\/wp\/v2\/types\/product"}],"wp:featuredmedia":[{"embeddable":true,"href":"https:\/\/www.artuur-watches.be\/fr\/wp-json\/wp\/v2\/media\/3434"}],"wp:attachment":[{"href":"https:\/\/www.artuur-watches.be\/fr\/wp-json\/wp\/v2\/media?parent=2261"}],"wp:term":[{"taxonomy":"product_brand","embeddable":true,"href":"https:\/\/www.artuur-watches.be\/fr\/wp-json\/wp\/v2\/product_brand?post=2261"},{"taxonomy":"product_cat","embeddable":true,"href":"https:\/\/www.artuur-watches.be\/fr\/wp-json\/wp\/v2\/product_cat?post=2261"},{"taxonomy":"product_tag","embeddable":true,"href":"https:\/\/www.artuur-watches.be\/fr\/wp-json\/wp\/v2\/product_tag?post=2261"}],"curies":[{"name":"wp","href":"https:\/\/api.w.org\/{rel}","templated":true}]}}