    {"id":2054,"date":"2020-09-17T13:58:23","date_gmt":"2020-09-17T13:58:23","guid":{"rendered":"https:\/\/www.artuur-watches.be\/product\/artuur-onyx\/"},"modified":"2024-11-24T12:36:02","modified_gmt":"2024-11-24T10:36:02","slug":"artuur-onyx","status":"publish","type":"product","link":"https:\/\/www.artuur-watches.be\/fr\/produit\/artuur-onyx\/","title":{"rendered":"ARTUUR Onyx"},"content":{"rendered":"","protected":false},"excerpt":{"rendered":"<p>Cadran noir avec design ARTUUR brevet\u00e9 \/ Marques de l\u2019heure incrust\u00e9 \/ Boitier en metal gris.<\/p>\n<p><span lang=\"FR\">Le noir fait toujours impression. \u00c9l\u00e9gante et sophistiqu\u00e9e, cette montre ARTUUR ne passera pas inaper\u00e7ue. Le bracelet en mesh cr\u00e9e un look contemporain avec un brin de myst\u00e8re.<\/span><\/p>\n","protected":false},"featured_media":2092,"template":"","meta":{"inline_featured_image":false,"_joinchat":[]},"product_brand":[],"product_cat":[134,196,200],"product_tag":[],"class_list":{"0":"post-2054","1":"product","2":"type-product","3":"status-publish","4":"has-post-thumbnail","6":"product_cat-montres","7":"product_cat-onyx-fr","8":"product_cat-standard-fr","10":"first","11":"instock","12":"taxable","13":"shipping-taxable","14":"purchasable","15":"product-type-simple"},"yoast_head":"<!-- This site is optimized with the Yoast SEO plugin v25.7 - https:\/\/yoast.com\/wordpress\/plugins\/seo\/ -->\n<title>ARTUUR Onyx - Artuur Watches<\/title>\n<meta name=\"description\" content=\"Bracelet avec maillage en acier inoxydable style Milanese pour un look contemporain.\" \/>\n<meta name=\"robots\" content=\"index, follow, max-snippet:-1, max-image-preview:large, max-video-preview:-1\" \/>\n<link rel=\"canonical\" href=\"https:\/\/www.artuur-watches.be\/fr\/produit\/artuur-onyx\/\" \/>\n<meta property=\"og:locale\" content=\"fr_FR\" \/>\n<meta property=\"og:type\" content=\"article\" \/>\n<meta property=\"og:title\" content=\"ARTUUR Onyx - Artuur Watches\" \/>\n<meta property=\"og:description\" content=\"Bracelet avec maillage en acier inoxydable style Milanese pour un look contemporain.\" \/>\n<meta property=\"og:url\" content=\"https:\/\/www.artuur-watches.be\/fr\/produit\/artuur-onyx\/\" \/>\n<meta property=\"og:site_name\" content=\"Artuur Watches\" \/>\n<meta property=\"article:publisher\" content=\"https:\/\/www.facebook.com\/artuurwatches\/\" \/>\n<meta property=\"article:modified_time\" content=\"2024-11-24T10:36:02+00:00\" \/>\n<meta property=\"og:image\" content=\"https:\/\/www.artuur-watches.be\/wp-content\/uploads\/2020\/09\/ONYX_standaarddarkgreymesh-1024x640.png\" \/>\n\t<meta property=\"og:image:width\" content=\"1024\" \/>\n\t<meta property=\"og:image:height\" content=\"640\" \/>\n\t<meta property=\"og:image:type\" content=\"image\/png\" \/>\n<meta name=\"twitter:card\" content=\"summary_large_image\" \/>\n<script type=\"application\/ld+json\" class=\"yoast-schema-graph\">{\"@context\":\"https:\/\/schema.org\",\"@graph\":[{\"@type\":\"WebPage\",\"@id\":\"https:\/\/www.artuur-watches.be\/fr\/produit\/artuur-onyx\/\",\"url\":\"https:\/\/www.artuur-watches.be\/fr\/produit\/artuur-onyx\/\",\"name\":\"ARTUUR Onyx - Artuur Watches\",\"isPartOf\":{\"@id\":\"https:\/\/www.artuur-watches.be\/fr\/#website\"},\"primaryImageOfPage\":{\"@id\":\"https:\/\/www.artuur-watches.be\/fr\/produit\/artuur-onyx\/#primaryimage\"},\"image\":{\"@id\":\"https:\/\/www.artuur-watches.be\/fr\/produit\/artuur-onyx\/#primaryimage\"},\"thumbnailUrl\":\"https:\/\/www.artuur-watches.be\/wp-content\/uploads\/2020\/09\/ONYX_standaarddarkgreymesh.png\",\"datePublished\":\"2020-09-17T13:58:23+00:00\",\"dateModified\":\"2024-11-24T10:36:02+00:00\",\"description\":\"Bracelet avec maillage en acier inoxydable style Milanese pour un look contemporain.\",\"breadcrumb\":{\"@id\":\"https:\/\/www.artuur-watches.be\/fr\/produit\/artuur-onyx\/#breadcrumb\"},\"inLanguage\":\"fr-BE\",\"potentialAction\":[{\"@type\":\"ReadAction\",\"target\":[\"https:\/\/www.artuur-watches.be\/fr\/produit\/artuur-onyx\/\"]}]},{\"@type\":\"ImageObject\",\"inLanguage\":\"fr-BE\",\"@id\":\"https:\/\/www.artuur-watches.be\/fr\/produit\/artuur-onyx\/#primaryimage\",\"url\":\"https:\/\/www.artuur-watches.be\/wp-content\/uploads\/2020\/09\/ONYX_standaarddarkgreymesh.png\",\"contentUrl\":\"https:\/\/www.artuur-watches.be\/wp-content\/uploads\/2020\/09\/ONYX_standaarddarkgreymesh.png\",\"width\":8000,\"height\":5001},{\"@type\":\"BreadcrumbList\",\"@id\":\"https:\/\/www.artuur-watches.be\/fr\/produit\/artuur-onyx\/#breadcrumb\",\"itemListElement\":[{\"@type\":\"ListItem\",\"position\":1,\"name\":\"Home\",\"item\":\"https:\/\/www.artuur-watches.be\/fr\/\"},{\"@type\":\"ListItem\",\"position\":2,\"name\":\"Shop\",\"item\":\"https:\/\/www.artuur-watches.be\/fr\/shop\/\"},{\"@type\":\"ListItem\",\"position\":3,\"name\":\"ARTUUR Onyx\"}]},{\"@type\":\"WebSite\",\"@id\":\"https:\/\/www.artuur-watches.be\/fr\/#website\",\"url\":\"https:\/\/www.artuur-watches.be\/fr\/\",\"name\":\"Artuur Watches\",\"description\":\"A new Belgian watchbrand, combining timelessness and elegance in a super-personal design.\",\"publisher\":{\"@id\":\"https:\/\/www.artuur-watches.be\/fr\/#organization\"},\"potentialAction\":[{\"@type\":\"SearchAction\",\"target\":{\"@type\":\"EntryPoint\",\"urlTemplate\":\"https:\/\/www.artuur-watches.be\/fr\/?s={search_term_string}\"},\"query-input\":{\"@type\":\"PropertyValueSpecification\",\"valueRequired\":true,\"valueName\":\"search_term_string\"}}],\"inLanguage\":\"fr-BE\"},{\"@type\":\"Organization\",\"@id\":\"https:\/\/www.artuur-watches.be\/fr\/#organization\",\"name\":\"Artuur watches\",\"url\":\"https:\/\/www.artuur-watches.be\/fr\/\",\"logo\":{\"@type\":\"ImageObject\",\"inLanguage\":\"fr-BE\",\"@id\":\"https:\/\/www.artuur-watches.be\/fr\/#\/schema\/logo\/image\/\",\"url\":\"https:\/\/www.artuur-watches.be\/wp-content\/uploads\/2020\/07\/Logo_Artuur-dark_Artuur.png\",\"contentUrl\":\"https:\/\/www.artuur-watches.be\/wp-content\/uploads\/2020\/07\/Logo_Artuur-dark_Artuur.png\",\"width\":5316,\"height\":751,\"caption\":\"Artuur watches\"},\"image\":{\"@id\":\"https:\/\/www.artuur-watches.be\/fr\/#\/schema\/logo\/image\/\"},\"sameAs\":[\"https:\/\/www.facebook.com\/artuurwatches\/\",\"https:\/\/www.instagram.com\/artuurwatches\/\"]}]}<\/script>\n<!-- \/ Yoast SEO plugin. -->","yoast_head_json":{"title":"ARTUUR Onyx - Artuur Watches","description":"Bracelet avec maillage en acier inoxydable style Milanese pour un look contemporain.","robots":{"index":"index","follow":"follow","max-snippet":"max-snippet:-1","max-image-preview":"max-image-preview:large","max-video-preview":"max-video-preview:-1"},"canonical":"https:\/\/www.artuur-watches.be\/fr\/produit\/artuur-onyx\/","og_locale":"fr_FR","og_type":"article","og_title":"ARTUUR Onyx - Artuur Watches","og_description":"Bracelet avec maillage en acier inoxydable style Milanese pour un look contemporain.","og_url":"https:\/\/www.artuur-watches.be\/fr\/produit\/artuur-onyx\/","og_site_name":"Artuur Watches","article_publisher":"https:\/\/www.facebook.com\/artuurwatches\/","article_modified_time":"2024-11-24T10:36:02+00:00","og_image":[{"width":1024,"height":640,"url":"https:\/\/www.artuur-watches.be\/wp-content\/uploads\/2020\/09\/ONYX_standaarddarkgreymesh-1024x640.png","type":"image\/png"}],"twitter_card":"summary_large_image","schema":{"@context":"https:\/\/schema.org","@graph":[{"@type":"WebPage","@id":"https:\/\/www.artuur-watches.be\/fr\/produit\/artuur-onyx\/","url":"https:\/\/www.artuur-watches.be\/fr\/produit\/artuur-onyx\/","name":"ARTUUR Onyx - Artuur Watches","isPartOf":{"@id":"https:\/\/www.artuur-watches.be\/fr\/#website"},"primaryImageOfPage":{"@id":"https:\/\/www.artuur-watches.be\/fr\/produit\/artuur-onyx\/#primaryimage"},"image":{"@id":"https:\/\/www.artuur-watches.be\/fr\/produit\/artuur-onyx\/#primaryimage"},"thumbnailUrl":"https:\/\/www.artuur-watches.be\/wp-content\/uploads\/2020\/09\/ONYX_standaarddarkgreymesh.png","datePublished":"2020-09-17T13:58:23+00:00","dateModified":"2024-11-24T10:36:02+00:00","description":"Bracelet avec maillage en acier inoxydable style Milanese pour un look contemporain.","breadcrumb":{"@id":"https:\/\/www.artuur-watches.be\/fr\/produit\/artuur-onyx\/#breadcrumb"},"inLanguage":"fr-BE","potentialAction":[{"@type":"ReadAction","target":["https:\/\/www.artuur-watches.be\/fr\/produit\/artuur-onyx\/"]}]},{"@type":"ImageObject","inLanguage":"fr-BE","@id":"https:\/\/www.artuur-watches.be\/fr\/produit\/artuur-onyx\/#primaryimage","url":"https:\/\/www.artuur-watches.be\/wp-content\/uploads\/2020\/09\/ONYX_standaarddarkgreymesh.png","contentUrl":"https:\/\/www.artuur-watches.be\/wp-content\/uploads\/2020\/09\/ONYX_standaarddarkgreymesh.png","width":8000,"height":5001},{"@type":"BreadcrumbList","@id":"https:\/\/www.artuur-watches.be\/fr\/produit\/artuur-onyx\/#breadcrumb","itemListElement":[{"@type":"ListItem","position":1,"name":"Home","item":"https:\/\/www.artuur-watches.be\/fr\/"},{"@type":"ListItem","position":2,"name":"Shop","item":"https:\/\/www.artuur-watches.be\/fr\/shop\/"},{"@type":"ListItem","position":3,"name":"ARTUUR Onyx"}]},{"@type":"WebSite","@id":"https:\/\/www.artuur-watches.be\/fr\/#website","url":"https:\/\/www.artuur-watches.be\/fr\/","name":"Artuur Watches","description":"A new Belgian watchbrand, combining timelessness and elegance in a super-personal design.","publisher":{"@id":"https:\/\/www.artuur-watches.be\/fr\/#organization"},"potentialAction":[{"@type":"SearchAction","target":{"@type":"EntryPoint","urlTemplate":"https:\/\/www.artuur-watches.be\/fr\/?s={search_term_string}"},"query-input":{"@type":"PropertyValueSpecification","valueRequired":true,"valueName":"search_term_string"}}],"inLanguage":"fr-BE"},{"@type":"Organization","@id":"https:\/\/www.artuur-watches.be\/fr\/#organization","name":"Artuur watches","url":"https:\/\/www.artuur-watches.be\/fr\/","logo":{"@type":"ImageObject","inLanguage":"fr-BE","@id":"https:\/\/www.artuur-watches.be\/fr\/#\/schema\/logo\/image\/","url":"https:\/\/www.artuur-watches.be\/wp-content\/uploads\/2020\/07\/Logo_Artuur-dark_Artuur.png","contentUrl":"https:\/\/www.artuur-watches.be\/wp-content\/uploads\/2020\/07\/Logo_Artuur-dark_Artuur.png","width":5316,"height":751,"caption":"Artuur watches"},"image":{"@id":"https:\/\/www.artuur-watches.be\/fr\/#\/schema\/logo\/image\/"},"sameAs":["https:\/\/www.facebook.com\/artuurwatches\/","https:\/\/www.instagram.com\/artuurwatches\/"]}]}},"_links":{"self":[{"href":"https:\/\/www.artuur-watches.be\/fr\/wp-json\/wp\/v2\/product\/2054","targetHints":{"allow":["GET"]}}],"collection":[{"href":"https:\/\/www.artuur-watches.be\/fr\/wp-json\/wp\/v2\/product"}],"about":[{"href":"https:\/\/www.artuur-watches.be\/fr\/wp-json\/wp\/v2\/types\/product"}],"wp:featuredmedia":[{"embeddable":true,"href":"https:\/\/www.artuur-watches.be\/fr\/wp-json\/wp\/v2\/media\/2092"}],"wp:attachment":[{"href":"https:\/\/www.artuur-watches.be\/fr\/wp-json\/wp\/v2\/media?parent=2054"}],"wp:term":[{"taxonomy":"product_brand","embeddable":true,"href":"https:\/\/www.artuur-watches.be\/fr\/wp-json\/wp\/v2\/product_brand?post=2054"},{"taxonomy":"product_cat","embeddable":true,"href":"https:\/\/www.artuur-watches.be\/fr\/wp-json\/wp\/v2\/product_cat?post=2054"},{"taxonomy":"product_tag","embeddable":true,"href":"https:\/\/www.artuur-watches.be\/fr\/wp-json\/wp\/v2\/product_tag?post=2054"}],"curies":[{"name":"wp","href":"https:\/\/api.w.org\/{rel}","templated":true}]}}