    {"id":2615,"date":"2020-09-23T09:02:46","date_gmt":"2020-09-23T09:02:46","guid":{"rendered":"https:\/\/www.artuur-watches.be\/?page_id=2615"},"modified":"2020-10-02T12:05:52","modified_gmt":"2020-10-02T12:05:52","slug":"envoi-retour","status":"publish","type":"page","link":"https:\/\/www.artuur-watches.be\/fr\/envoi-retour\/","title":{"rendered":"Envoi &#038; retour"},"content":{"rendered":"<p>ENVOI<\/p>\n<p>Tous les colis sont pourvus d\u2019un num\u00e9ro de tra\u00e7age. Vous recevrez le num\u00e9ro de tra\u00e7age d\u00e8s que le colis aura quitt\u00e9 notre entrep\u00f4t.<br \/>\nLes commandes pass\u00e9es du lundi au vendredi avant 22 h (CET) sont trait\u00e9es le jour m\u00eame et livr\u00e9s le jour ouvrable suivant \u00e0 Belgique et dans deux jours aux Pays-bas et Luxembourg.<br \/>\nLes commandes pass\u00e9es les samedis, dimanches ou jours f\u00e9ri\u00e9s publics sont trait\u00e9es le premier jour ouvrable suivant. L\u2019heure et la date de livraison sont estim\u00e9s lorsque le colis quitte notre entrep\u00f4t. ARTUUR offre les frais de livraison en Belgique. Les commandes sont exp\u00e9di\u00e9es depuis la Belgique. ARTUUR n\u2019est pas responsable des frais\/taxes qui pourraient s\u2019appliquer au colis. Les frais suppl\u00e9mentaires de droits de douane sont \u00e0 charge du client. La politique de douane variant selon le pays (en dehors de l\u2019Europe), nous vous conseillons de vous renseigner sur les tarifs douaniers aupr\u00e8s de votre bureau de douanes r\u00e9gional.<\/p>\n<p>Pour les commandes pass\u00e9es sur la boutique officielle ARTUUR, les retours sont possibles dans les 8 jours \u00e0 partir de la r\u00e9ception du colis. Veuillez contacter le service client\u00e8le ou retourner le produit \u00e0<\/p>\n<p>ShopWeDo cvba<br \/>\nEgide Walschaertsstraat 22A<br \/>\n2800 Mechelen \u2013 Belgium<\/p>\n<p>Les retours sont aux frais du client. Nous recommandons vivement de renvoyer votre colis avec un num\u00e9ro de tra\u00e7age afin de pouvoir le localiser pr\u00e9cis\u00e9ment. Vous recevrez un e-mail de confirmation de notre service client\u00e8le d\u00e8s que nous aurons re\u00e7u votre colis. Dans l\u2019\u00e9ventualit\u00e9 peu probable o\u00f9 le produit est livr\u00e9 d\u00e9fectueux ou avec un d\u00e9faut de production, un produit de remplacement sera envoy\u00e9. ARTUUR vous remboursera les frais de retour sur pr\u00e9sentation d\u2019un re\u00e7u postal et prendra \u00e9galement en charge les frais d\u2019envoi du produit de remplacement.<\/p>\n<p>Les retours ne sont pas accept\u00e9s dans les cas suivants :<br \/>\n&#8211; usure naturelle<br \/>\n&#8211; cristal cass\u00e9<br \/>\n&#8211; griffures sur le bo\u00eetier ou le cristal<br \/>\n&#8211; bracelets sales ou us\u00e9s<br \/>\n&#8211; pile plate<br \/>\n&#8211; d\u00e9g\u00e2ts r\u00e9sultant d\u2019une mauvaise manipulation, d\u2019un manque de soin, d\u2019une immersion pendant la nage ou sous la douche, d\u2019accidents ou d\u2019une usure normale.<\/p>\n<p>LES MONTRES ARTUUR R\u00c9SISTENT \u00c0 L\u2019EAU MAIS NE SONT PAS IMPERM\u00c9ABLES !<br \/>\nVeuillez contacter notre service client\u00e8le pour plus d\u2019informations au sujet de la garantie.<\/p>\n<p>ATTENTION<br \/>\nLes cartes cadeau ne seront ni rembours\u00e9es ni retourn\u00e9es.<\/p>\n","protected":false},"excerpt":{"rendered":"<p>ENVOI Tous les colis sont pourvus d\u2019un num\u00e9ro de tra\u00e7age. Vous recevrez le num\u00e9ro de tra\u00e7age d\u00e8s que le colis aura quitt\u00e9 notre entrep\u00f4t. Les commandes pass\u00e9es du lundi au&hellip;<\/p>\n","protected":false},"author":1,"featured_media":0,"parent":0,"menu_order":21,"comment_status":"closed","ping_status":"closed","template":"","meta":{"inline_featured_image":false,"_joinchat":[],"footnotes":""},"class_list":["post-2615","page","type-page","status-publish","hentry"],"yoast_head":"<!-- This site is optimized with the Yoast SEO plugin v25.7 - https:\/\/yoast.com\/wordpress\/plugins\/seo\/ -->\n<title>Envoi &amp; retour - Artuur Watches<\/title>\n<meta name=\"robots\" content=\"index, follow, max-snippet:-1, max-image-preview:large, max-video-preview:-1\" \/>\n<link rel=\"canonical\" href=\"https:\/\/www.artuur-watches.be\/fr\/envoi-retour\/\" \/>\n<meta property=\"og:locale\" content=\"fr_FR\" \/>\n<meta property=\"og:type\" content=\"article\" \/>\n<meta property=\"og:title\" content=\"Envoi &amp; retour - Artuur Watches\" \/>\n<meta property=\"og:description\" content=\"ENVOI Tous les colis sont pourvus d\u2019un num\u00e9ro de tra\u00e7age. Vous recevrez le num\u00e9ro de tra\u00e7age d\u00e8s que le colis aura quitt\u00e9 notre entrep\u00f4t. Les commandes pass\u00e9es du lundi au&hellip;\" \/>\n<meta property=\"og:url\" content=\"https:\/\/www.artuur-watches.be\/fr\/envoi-retour\/\" \/>\n<meta property=\"og:site_name\" content=\"Artuur Watches\" \/>\n<meta property=\"article:publisher\" content=\"https:\/\/www.facebook.com\/artuurwatches\/\" \/>\n<meta property=\"article:modified_time\" content=\"2020-10-02T12:05:52+00:00\" \/>\n<meta name=\"twitter:card\" content=\"summary_large_image\" \/>\n<meta name=\"twitter:label1\" content=\"Dur\u00e9e de lecture est.\" \/>\n\t<meta name=\"twitter:data1\" content=\"2 minutes\" \/>\n<script type=\"application\/ld+json\" class=\"yoast-schema-graph\">{\"@context\":\"https:\/\/schema.org\",\"@graph\":[{\"@type\":\"WebPage\",\"@id\":\"https:\/\/www.artuur-watches.be\/fr\/envoi-retour\/\",\"url\":\"https:\/\/www.artuur-watches.be\/fr\/envoi-retour\/\",\"name\":\"Envoi & retour - Artuur Watches\",\"isPartOf\":{\"@id\":\"https:\/\/www.artuur-watches.be\/fr\/#website\"},\"datePublished\":\"2020-09-23T09:02:46+00:00\",\"dateModified\":\"2020-10-02T12:05:52+00:00\",\"breadcrumb\":{\"@id\":\"https:\/\/www.artuur-watches.be\/fr\/envoi-retour\/#breadcrumb\"},\"inLanguage\":\"fr-BE\",\"potentialAction\":[{\"@type\":\"ReadAction\",\"target\":[\"https:\/\/www.artuur-watches.be\/fr\/envoi-retour\/\"]}]},{\"@type\":\"BreadcrumbList\",\"@id\":\"https:\/\/www.artuur-watches.be\/fr\/envoi-retour\/#breadcrumb\",\"itemListElement\":[{\"@type\":\"ListItem\",\"position\":1,\"name\":\"Home\",\"item\":\"https:\/\/www.artuur-watches.be\/fr\/\"},{\"@type\":\"ListItem\",\"position\":2,\"name\":\"Envoi &#038; retour\"}]},{\"@type\":\"WebSite\",\"@id\":\"https:\/\/www.artuur-watches.be\/fr\/#website\",\"url\":\"https:\/\/www.artuur-watches.be\/fr\/\",\"name\":\"Artuur Watches\",\"description\":\"A new Belgian watchbrand, combining timelessness and elegance in a super-personal design.\",\"publisher\":{\"@id\":\"https:\/\/www.artuur-watches.be\/fr\/#organization\"},\"potentialAction\":[{\"@type\":\"SearchAction\",\"target\":{\"@type\":\"EntryPoint\",\"urlTemplate\":\"https:\/\/www.artuur-watches.be\/fr\/?s={search_term_string}\"},\"query-input\":{\"@type\":\"PropertyValueSpecification\",\"valueRequired\":true,\"valueName\":\"search_term_string\"}}],\"inLanguage\":\"fr-BE\"},{\"@type\":\"Organization\",\"@id\":\"https:\/\/www.artuur-watches.be\/fr\/#organization\",\"name\":\"Artuur watches\",\"url\":\"https:\/\/www.artuur-watches.be\/fr\/\",\"logo\":{\"@type\":\"ImageObject\",\"inLanguage\":\"fr-BE\",\"@id\":\"https:\/\/www.artuur-watches.be\/fr\/#\/schema\/logo\/image\/\",\"url\":\"https:\/\/www.artuur-watches.be\/wp-content\/uploads\/2020\/07\/Logo_Artuur-dark_Artuur.png\",\"contentUrl\":\"https:\/\/www.artuur-watches.be\/wp-content\/uploads\/2020\/07\/Logo_Artuur-dark_Artuur.png\",\"width\":5316,\"height\":751,\"caption\":\"Artuur watches\"},\"image\":{\"@id\":\"https:\/\/www.artuur-watches.be\/fr\/#\/schema\/logo\/image\/\"},\"sameAs\":[\"https:\/\/www.facebook.com\/artuurwatches\/\",\"https:\/\/www.instagram.com\/artuurwatches\/\"]}]}<\/script>\n<!-- \/ Yoast SEO plugin. -->","yoast_head_json":{"title":"Envoi & retour - Artuur Watches","robots":{"index":"index","follow":"follow","max-snippet":"max-snippet:-1","max-image-preview":"max-image-preview:large","max-video-preview":"max-video-preview:-1"},"canonical":"https:\/\/www.artuur-watches.be\/fr\/envoi-retour\/","og_locale":"fr_FR","og_type":"article","og_title":"Envoi & retour - Artuur Watches","og_description":"ENVOI Tous les colis sont pourvus d\u2019un num\u00e9ro de tra\u00e7age. Vous recevrez le num\u00e9ro de tra\u00e7age d\u00e8s que le colis aura quitt\u00e9 notre entrep\u00f4t. Les commandes pass\u00e9es du lundi au&hellip;","og_url":"https:\/\/www.artuur-watches.be\/fr\/envoi-retour\/","og_site_name":"Artuur Watches","article_publisher":"https:\/\/www.facebook.com\/artuurwatches\/","article_modified_time":"2020-10-02T12:05:52+00:00","twitter_card":"summary_large_image","twitter_misc":{"Dur\u00e9e de lecture est.":"2 minutes"},"schema":{"@context":"https:\/\/schema.org","@graph":[{"@type":"WebPage","@id":"https:\/\/www.artuur-watches.be\/fr\/envoi-retour\/","url":"https:\/\/www.artuur-watches.be\/fr\/envoi-retour\/","name":"Envoi & retour - Artuur Watches","isPartOf":{"@id":"https:\/\/www.artuur-watches.be\/fr\/#website"},"datePublished":"2020-09-23T09:02:46+00:00","dateModified":"2020-10-02T12:05:52+00:00","breadcrumb":{"@id":"https:\/\/www.artuur-watches.be\/fr\/envoi-retour\/#breadcrumb"},"inLanguage":"fr-BE","potentialAction":[{"@type":"ReadAction","target":["https:\/\/www.artuur-watches.be\/fr\/envoi-retour\/"]}]},{"@type":"BreadcrumbList","@id":"https:\/\/www.artuur-watches.be\/fr\/envoi-retour\/#breadcrumb","itemListElement":[{"@type":"ListItem","position":1,"name":"Home","item":"https:\/\/www.artuur-watches.be\/fr\/"},{"@type":"ListItem","position":2,"name":"Envoi &#038; retour"}]},{"@type":"WebSite","@id":"https:\/\/www.artuur-watches.be\/fr\/#website","url":"https:\/\/www.artuur-watches.be\/fr\/","name":"Artuur Watches","description":"A new Belgian watchbrand, combining timelessness and elegance in a super-personal design.","publisher":{"@id":"https:\/\/www.artuur-watches.be\/fr\/#organization"},"potentialAction":[{"@type":"SearchAction","target":{"@type":"EntryPoint","urlTemplate":"https:\/\/www.artuur-watches.be\/fr\/?s={search_term_string}"},"query-input":{"@type":"PropertyValueSpecification","valueRequired":true,"valueName":"search_term_string"}}],"inLanguage":"fr-BE"},{"@type":"Organization","@id":"https:\/\/www.artuur-watches.be\/fr\/#organization","name":"Artuur watches","url":"https:\/\/www.artuur-watches.be\/fr\/","logo":{"@type":"ImageObject","inLanguage":"fr-BE","@id":"https:\/\/www.artuur-watches.be\/fr\/#\/schema\/logo\/image\/","url":"https:\/\/www.artuur-watches.be\/wp-content\/uploads\/2020\/07\/Logo_Artuur-dark_Artuur.png","contentUrl":"https:\/\/www.artuur-watches.be\/wp-content\/uploads\/2020\/07\/Logo_Artuur-dark_Artuur.png","width":5316,"height":751,"caption":"Artuur watches"},"image":{"@id":"https:\/\/www.artuur-watches.be\/fr\/#\/schema\/logo\/image\/"},"sameAs":["https:\/\/www.facebook.com\/artuurwatches\/","https:\/\/www.instagram.com\/artuurwatches\/"]}]}},"_links":{"self":[{"href":"https:\/\/www.artuur-watches.be\/fr\/wp-json\/wp\/v2\/pages\/2615","targetHints":{"allow":["GET"]}}],"collection":[{"href":"https:\/\/www.artuur-watches.be\/fr\/wp-json\/wp\/v2\/pages"}],"about":[{"href":"https:\/\/www.artuur-watches.be\/fr\/wp-json\/wp\/v2\/types\/page"}],"author":[{"embeddable":true,"href":"https:\/\/www.artuur-watches.be\/fr\/wp-json\/wp\/v2\/users\/1"}],"replies":[{"embeddable":true,"href":"https:\/\/www.artuur-watches.be\/fr\/wp-json\/wp\/v2\/comments?post=2615"}],"version-history":[{"count":4,"href":"https:\/\/www.artuur-watches.be\/fr\/wp-json\/wp\/v2\/pages\/2615\/revisions"}],"predecessor-version":[{"id":3220,"href":"https:\/\/www.artuur-watches.be\/fr\/wp-json\/wp\/v2\/pages\/2615\/revisions\/3220"}],"wp:attachment":[{"href":"https:\/\/www.artuur-watches.be\/fr\/wp-json\/wp\/v2\/media?parent=2615"}],"curies":[{"name":"wp","href":"https:\/\/api.w.org\/{rel}","templated":true}]}}